{"id":385,"date":"2020-06-18T15:42:45","date_gmt":"2020-06-18T13:42:45","guid":{"rendered":"http:\/\/novapub.ch\/?page_id=385"},"modified":"2024-08-23T14:15:54","modified_gmt":"2024-08-23T12:15:54","slug":"kontakt","status":"publish","type":"page","link":"https:\/\/novapub.ch\/fr\/kontakt\/","title":{"rendered":"Contact"},"content":{"rendered":"<p>[et_pb_section fb_built=&#8220;1&#8243; admin_label=&#8220;Hero Section&#8220; _builder_version=&#8220;4.27.0&#8243; use_background_color_gradient=&#8220;on&#8220; background_color_gradient_direction=&#8220;131deg&#8220; background_color_gradient_stops=&#8220;#002e8a 0%|#002e8a 100%&#8220; background_color_gradient_start=&#8220;#4778ff&#8220; background_color_gradient_end=&#8220;#adc3ff&#8220; custom_padding=&#8220;80px|0px|0px|0px||&#8220; animation_style=&#8220;slide&#8220; animation_direction=&#8220;top&#8220; animation_intensity_slide=&#8220;2%&#8220; animation_starting_opacity=&#8220;100%&#8220; hover_enabled=&#8220;0&#8243; box_shadow_style=&#8220;preset7&#8243; box_shadow_horizontal=&#8220;0px&#8220; box_shadow_vertical=&#8220;-200px&#8220; box_shadow_color=&#8220;#ffffff&#8220; locked=&#8220;off&#8220; global_colors_info=&#8220;{}&#8220; sticky_enabled=&#8220;0&#8243;][et_pb_row _builder_version=&#8220;4.16&#8243; background_size=&#8220;initial&#8220; background_position=&#8220;top_left&#8220; background_repeat=&#8220;repeat&#8220; custom_padding=&#8220;|||&#8220; custom_width_px=&#8220;1440px&#8220; global_colors_info=&#8220;{}&#8220;][et_pb_column type=&#8220;4_4&#8243; _builder_version=&#8220;4.16&#8243; custom_padding=&#8220;|||&#8220; global_colors_info=&#8220;{}&#8220; custom_padding__hover=&#8220;|||&#8220;][et_pb_text _builder_version=&#8220;4.16&#8243; text_font=&#8220;||||||||&#8220; header_font=&#8220;Poppins|600|||||||&#8220; header_text_color=&#8220;#ffffff&#8220; header_font_size=&#8220;55px&#8220; header_line_height=&#8220;1.5em&#8220; header_2_font=&#8220;||||||||&#8220; header_3_font=&#8220;||||||||&#8220; header_4_font=&#8220;||||||||&#8220; header_5_font=&#8220;||||||||&#8220; header_6_font=&#8220;||||||||&#8220; background_size=&#8220;initial&#8220; background_position=&#8220;top_left&#8220; background_repeat=&#8220;repeat&#8220; text_orientation=&#8220;center&#8220; module_alignment=&#8220;center&#8220; custom_margin=&#8220;||20px|&#8220; header_text_color_tablet=&#8220;&#8220; header_text_color_phone=&#8220;&#8220; header_text_color_last_edited=&#8220;on|phone&#8220; locked=&#8220;off&#8220; global_colors_info=&#8220;{}&#8220;]<\/p>\n<h1>Contact<\/h1>\n<p>[\/et_pb_text][et_pb_divider color=&#8220;#f7d584&#8243; divider_weight=&#8220;3px&#8220; disabled_on=&#8220;on|on|off&#8220; _builder_version=&#8220;4.16&#8243; max_width=&#8220;80px&#8220; module_alignment=&#8220;center&#8220; height=&#8220;10px&#8220; custom_margin=&#8220;||20px|&#8220; animation_style=&#8220;slide&#8220; animation_direction=&#8220;bottom&#8220; saved_tabs=&#8220;all&#8220; locked=&#8220;off&#8220; global_colors_info=&#8220;{}&#8220;][\/et_pb_divider][et_pb_text _builder_version=&#8220;4.16&#8243; text_font=&#8220;Poppins||||||||&#8220; text_text_color=&#8220;rgba(255,255,255,0.8)&#8220; text_font_size=&#8220;18px&#8220; text_line_height=&#8220;1.8em&#8220; header_font=&#8220;||||||||&#8220; text_orientation=&#8220;center&#8220; max_width=&#8220;600px&#8220; module_alignment=&#8220;center&#8220; locked=&#8220;off&#8220; global_colors_info=&#8220;{}&#8220;]<\/p>\n<p>Chez Novapub, nous prenons \u00e0 coeur nos relations avec nos clients.<\/p>\n<p><span style=\"font-weight: 400;\">Vous avez des questions ou des suggestions concernant nos produits ou services ? Nous vous conseillerons volontiers lors d'un entretien personnel ou par t\u00e9l\u00e9phone.<\/span><\/p>\n<p>[\/et_pb_text][\/et_pb_column][\/et_pb_row][et_pb_row column_structure=&#8220;1_2,1_2&#8243; use_custom_gutter=&#8220;on&#8220; gutter_width=&#8220;2&#8243; _builder_version=&#8220;4.16&#8243; max_width=&#8220;1440px&#8220; custom_padding=&#8220;60px|0px|27px|0px&#8220; use_custom_width=&#8220;on&#8220; custom_width_px=&#8220;1440px&#8220; global_colors_info=&#8220;{}&#8220;][et_pb_column type=&#8220;1_2&#8243; _builder_version=&#8220;4.16&#8243; custom_padding=&#8220;|||&#8220; global_colors_info=&#8220;{}&#8220; custom_padding__hover=&#8220;|||&#8220;][et_pb_text _builder_version=&#8220;4.27.0&#8243; text_font=&#8220;Poppins||||||||&#8220; text_text_color=&#8220;rgba(0,0,0,0.4)&#8220; text_font_size=&#8220;16px&#8220; text_line_height=&#8220;1.9em&#8220; header_font=&#8220;||||||||&#8220; header_2_font=&#8220;||||||||&#8220; header_3_font=&#8220;Playfair Display|700||on|||||&#8220; header_3_text_color=&#8220;#3f72ff&#8220; header_3_letter_spacing=&#8220;3px&#8220; header_3_line_height=&#8220;1.5em&#8220; header_4_font=&#8220;||||||||&#8220; background_color=&#8220;#ffffff&#8220; text_orientation=&#8220;center&#8220; module_alignment=&#8220;left&#8220; custom_margin=&#8220;|||&#8220; custom_padding=&#8220;30px|30px|30px|30px&#8220; animation_style=&#8220;slide&#8220; animation_direction=&#8220;bottom&#8220; animation_intensity_slide=&#8220;10%&#8220; animation_starting_opacity=&#8220;100%&#8220; hover_enabled=&#8220;0&#8243; box_shadow_style=&#8220;preset1&#8243; box_shadow_vertical=&#8220;10px&#8220; box_shadow_blur=&#8220;100px&#8220; box_shadow_color=&#8220;rgba(0,0,0,0.2)&#8220; global_colors_info=&#8220;{}&#8220; sticky_enabled=&#8220;0&#8243; inline_fonts=&#8220;ABeeZee&#8220;]<\/p>\n<h3 style=\"text-align: center;\"><strong><span style=\"color: #0466c8; font-family: inherit;\">Terry Pilloud<\/span><\/strong><\/h3>\n<p style=\"text-align: justify;\">Terry Pilloud a fond\u00e9 Novapub en 1994 et travaille depuis lors dans le domaine administratif et technique.<\/p>\n<p style=\"text-align: center;\"><strong><a href=\"mailto:andre.rubin@novapub.ch\"><span><\/span><\/a><span style=\"color: rgba(0, 0, 0, 0.6);\"><a href=\"mailto:andre.rubin@novapub.ch\" style=\"color: rgba(0, 0, 0, 0.6);\">Email: <\/a><\/span> <a href=\"mailto:terry.pilloud@novapub.ch\">terry.pilloud@novapub.ch<\/a><br \/><span style=\"color: rgba(0, 0, 0, 0.6);\">T\u00e9l\u00e9phone : <\/span><\/strong><span style=\"color: #2ea3f2;\"><strong><span style=\"color: #0466c8;\">076 822 44 88<\/span>\u00a0<\/strong><\/span><\/p>\n<p>[\/et_pb_text][\/et_pb_column][et_pb_column type=&#8220;1_2&#8243; _builder_version=&#8220;4.16&#8243; custom_padding=&#8220;|||&#8220; hover_enabled=&#8220;0&#8243; global_colors_info=&#8220;{}&#8220; custom_padding__hover=&#8220;|||&#8220; sticky_enabled=&#8220;0&#8243;][et_pb_text _builder_version=&#8220;4.16&#8243; text_font=&#8220;Poppins||||||||&#8220; text_text_color=&#8220;rgba(0,0,0,0.4)&#8220; text_font_size=&#8220;16px&#8220; text_line_height=&#8220;1.9em&#8220; header_font=&#8220;||||||||&#8220; header_2_font=&#8220;||||||||&#8220; header_3_font=&#8220;Playfair Display|700||on|||||&#8220; header_3_text_color=&#8220;#3f72ff&#8220; header_3_letter_spacing=&#8220;3px&#8220; header_3_line_height=&#8220;1.5em&#8220; header_4_font=&#8220;||||||||&#8220; background_color=&#8220;#ffffff&#8220; text_orientation=&#8220;center&#8220; module_alignment=&#8220;left&#8220; custom_margin=&#8220;|||&#8220; custom_padding=&#8220;30px|30px|30px|30px&#8220; animation_style=&#8220;slide&#8220; animation_direction=&#8220;bottom&#8220; animation_delay=&#8220;100ms&#8220; animation_intensity_slide=&#8220;10%&#8220; animation_starting_opacity=&#8220;100%&#8220; hover_enabled=&#8220;0&#8243; box_shadow_style=&#8220;preset1&#8243; box_shadow_vertical=&#8220;10px&#8220; box_shadow_blur=&#8220;100px&#8220; box_shadow_color=&#8220;rgba(0,0,0,0.2)&#8220; locked=&#8220;off&#8220; global_colors_info=&#8220;{}&#8220; sticky_enabled=&#8220;0&#8243;]<\/p>\n<h3><span style=\"color: #0466c8;\">Andr\u00e9 Rubin<\/span><\/h3>\n<p style=\"text-align: justify;\">Andr\u00e9 Rubin travaille depuis 30 ans pour notre entreprise en tant que directeur commercial.\u00a0Il est responsable de la vente des horloges Novapub dans toute la Suisse, ainsi que de la recherche de nouveaux emplacements.\nIl s'occupe personnellement du suivi des relations avec nos clients.<\/p>\n<p><strong style=\"color: rgba(0, 0, 0, 0.6); font-size: 16px;\"><a href=\"mailto:andre.rubin@novapub.ch\"><span style=\"color: rgba(0, 0, 0, 0.6);\">Email: <\/span>andre.rubin@novapub.ch<br \/><span style=\"color: rgba(0, 0, 0, 0.6);\">T\u00e9l\u00e9phone : <\/span><\/a><\/strong><span style=\"color: #0466c8; font-size: 16px;\"><strong>076 379 41 41<\/strong><\/span><\/p>\n<p>[\/et_pb_text][\/et_pb_column][\/et_pb_row][\/et_pb_section][et_pb_section fb_built=&#8220;1&#8243; _builder_version=&#8220;4.16&#8243; custom_padding=&#8220;0px|||||&#8220; global_colors_info=&#8220;{}&#8220;][et_pb_row column_structure=&#8220;1_2,1_2&#8243; _builder_version=&#8220;4.16&#8243; max_height=&#8220;991px&#8220; global_colors_info=&#8220;{}&#8220;][et_pb_column type=&#8220;1_2&#8243; _builder_version=&#8220;4.16&#8243; global_colors_info=&#8220;{}&#8220;][\/et_pb_column][et_pb_column type=&#8220;1_2&#8243; _builder_version=&#8220;4.16&#8243; global_colors_info=&#8220;{}&#8220;][\/et_pb_column][\/et_pb_row][\/et_pb_section]<\/p>","protected":false},"excerpt":{"rendered":"<p>KontaktWir bei Novapub, nehmen uns die Kundenbeziehungen zu Herzen und pflegen diese auch dementsprechend. Langj\u00e4hrige Kundenbeziehungen pr\u00e4gen unsere Firmengeschichte. Haben Sie Fragen oder Anregungen betreffend unseren Produkten oder Dienstleistung? Gerne beraten wir Sie bei einem pers\u00f6nlichen Gespr\u00e4ch oder via Telefon.Terry Pilloud Terry Pilloud gr\u00fcndete die Firma Novapub 1994 und ist seitdem im administrativen und technischen [&hellip;]<\/p>","protected":false},"author":1,"featured_media":0,"parent":0,"menu_order":0,"comment_status":"closed","ping_status":"closed","template":"","meta":{"_et_pb_use_builder":"on","_et_pb_old_content":"","_et_gb_content_width":"","footnotes":""},"class_list":["post-385","page","type-page","status-publish","hentry"],"yoast_head":"<!-- This site is optimized with the Yoast SEO plugin v25.8 - https:\/\/yoast.com\/wordpress\/plugins\/seo\/ -->\n<title>Kontakt - Novapub SA<\/title>\n<meta name=\"robots\" content=\"index, follow, max-snippet:-1, max-image-preview:large, max-video-preview:-1\" \/>\n<link rel=\"canonical\" href=\"https:\/\/novapub.ch\/fr\/kontakt\/\" \/>\n<meta property=\"og:locale\" content=\"fr_FR\" \/>\n<meta property=\"og:type\" content=\"article\" \/>\n<meta property=\"og:title\" content=\"Kontakt - Novapub SA\" \/>\n<meta property=\"og:description\" content=\"KontaktWir bei Novapub, nehmen uns die Kundenbeziehungen zu Herzen und pflegen diese auch dementsprechend. Langj\u00e4hrige Kundenbeziehungen pr\u00e4gen unsere Firmengeschichte. Haben Sie Fragen oder Anregungen betreffend unseren Produkten oder Dienstleistung? Gerne beraten wir Sie bei einem pers\u00f6nlichen Gespr\u00e4ch oder via Telefon.Terry Pilloud Terry Pilloud gr\u00fcndete die Firma Novapub 1994 und ist seitdem im administrativen und technischen [&hellip;]\" \/>\n<meta property=\"og:url\" content=\"https:\/\/novapub.ch\/fr\/kontakt\/\" \/>\n<meta property=\"og:site_name\" content=\"Novapub SA\" \/>\n<meta property=\"article:modified_time\" content=\"2024-08-23T12:15:54+00:00\" \/>\n<meta name=\"twitter:card\" content=\"summary_large_image\" \/>\n<meta name=\"twitter:label1\" content=\"Dur\u00e9e de lecture estim\u00e9e\" \/>\n\t<meta name=\"twitter:data1\" content=\"4 minutes\" \/>\n<script type=\"application\/ld+json\" class=\"yoast-schema-graph\">{\"@context\":\"https:\/\/schema.org\",\"@graph\":[{\"@type\":\"WebPage\",\"@id\":\"https:\/\/novapub.ch\/kontakt\/\",\"url\":\"https:\/\/novapub.ch\/kontakt\/\",\"name\":\"Kontakt - Novapub SA\",\"isPartOf\":{\"@id\":\"https:\/\/novapub.ch\/#website\"},\"datePublished\":\"2020-06-18T13:42:45+00:00\",\"dateModified\":\"2024-08-23T12:15:54+00:00\",\"breadcrumb\":{\"@id\":\"https:\/\/novapub.ch\/kontakt\/#breadcrumb\"},\"inLanguage\":\"fr-FR\",\"potentialAction\":[{\"@type\":\"ReadAction\",\"target\":[\"https:\/\/novapub.ch\/kontakt\/\"]}]},{\"@type\":\"BreadcrumbList\",\"@id\":\"https:\/\/novapub.ch\/kontakt\/#breadcrumb\",\"itemListElement\":[{\"@type\":\"ListItem\",\"position\":1,\"name\":\"Startseite\",\"item\":\"https:\/\/novapub.ch\/\"},{\"@type\":\"ListItem\",\"position\":2,\"name\":\"Kontakt\"}]},{\"@type\":\"WebSite\",\"@id\":\"https:\/\/novapub.ch\/#website\",\"url\":\"https:\/\/novapub.ch\/\",\"name\":\"Novapub SA\",\"description\":\"Die Novapub SA betreibt an \u00fcber 200 Standorten in der Schweiz Werbeuhren. Die Uhren sind jeweils in Parkh\u00e4usern, Bergbahnen, Einkaufszentren und anderen hochfrequentierten Standorten, an bester Lage, positioniert.\",\"potentialAction\":[{\"@type\":\"SearchAction\",\"target\":{\"@type\":\"EntryPoint\",\"urlTemplate\":\"https:\/\/novapub.ch\/?s={search_term_string}\"},\"query-input\":{\"@type\":\"PropertyValueSpecification\",\"valueRequired\":true,\"valueName\":\"search_term_string\"}}],\"inLanguage\":\"fr-FR\"}]}<\/script>\n<!-- \/ Yoast SEO plugin. -->","yoast_head_json":{"title":"Kontakt - Novapub SA","robots":{"index":"index","follow":"follow","max-snippet":"max-snippet:-1","max-image-preview":"max-image-preview:large","max-video-preview":"max-video-preview:-1"},"canonical":"https:\/\/novapub.ch\/fr\/kontakt\/","og_locale":"fr_FR","og_type":"article","og_title":"Kontakt - Novapub SA","og_description":"KontaktWir bei Novapub, nehmen uns die Kundenbeziehungen zu Herzen und pflegen diese auch dementsprechend. Langj\u00e4hrige Kundenbeziehungen pr\u00e4gen unsere Firmengeschichte. Haben Sie Fragen oder Anregungen betreffend unseren Produkten oder Dienstleistung? Gerne beraten wir Sie bei einem pers\u00f6nlichen Gespr\u00e4ch oder via Telefon.Terry Pilloud Terry Pilloud gr\u00fcndete die Firma Novapub 1994 und ist seitdem im administrativen und technischen [&hellip;]","og_url":"https:\/\/novapub.ch\/fr\/kontakt\/","og_site_name":"Novapub SA","article_modified_time":"2024-08-23T12:15:54+00:00","twitter_card":"summary_large_image","twitter_misc":{"Dur\u00e9e de lecture estim\u00e9e":"4 minutes"},"schema":{"@context":"https:\/\/schema.org","@graph":[{"@type":"WebPage","@id":"https:\/\/novapub.ch\/kontakt\/","url":"https:\/\/novapub.ch\/kontakt\/","name":"Kontakt - Novapub SA","isPartOf":{"@id":"https:\/\/novapub.ch\/#website"},"datePublished":"2020-06-18T13:42:45+00:00","dateModified":"2024-08-23T12:15:54+00:00","breadcrumb":{"@id":"https:\/\/novapub.ch\/kontakt\/#breadcrumb"},"inLanguage":"fr-FR","potentialAction":[{"@type":"ReadAction","target":["https:\/\/novapub.ch\/kontakt\/"]}]},{"@type":"BreadcrumbList","@id":"https:\/\/novapub.ch\/kontakt\/#breadcrumb","itemListElement":[{"@type":"ListItem","position":1,"name":"Startseite","item":"https:\/\/novapub.ch\/"},{"@type":"ListItem","position":2,"name":"Kontakt"}]},{"@type":"WebSite","@id":"https:\/\/novapub.ch\/#website","url":"https:\/\/novapub.ch\/","name":"Novapub SA","description":"Novapub SA exploite des horloges publicitaires dans toute la Suisse. \nSitu\u00e9es dans des lieux strat\u00e9giques comme les parkings, t\u00e9l\u00e9ph\u00e9riques et centres commerciaux, elles garantissent une visibilit\u00e9 maximale.","potentialAction":[{"@type":"SearchAction","target":{"@type":"EntryPoint","urlTemplate":"https:\/\/novapub.ch\/?s={search_term_string}"},"query-input":{"@type":"PropertyValueSpecification","valueRequired":true,"valueName":"search_term_string"}}],"inLanguage":"fr-FR"}]}},"_links":{"self":[{"href":"https:\/\/novapub.ch\/fr\/wp-json\/wp\/v2\/pages\/385","targetHints":{"allow":["GET"]}}],"collection":[{"href":"https:\/\/novapub.ch\/fr\/wp-json\/wp\/v2\/pages"}],"about":[{"href":"https:\/\/novapub.ch\/fr\/wp-json\/wp\/v2\/types\/page"}],"author":[{"embeddable":true,"href":"https:\/\/novapub.ch\/fr\/wp-json\/wp\/v2\/users\/1"}],"replies":[{"embeddable":true,"href":"https:\/\/novapub.ch\/fr\/wp-json\/wp\/v2\/comments?post=385"}],"version-history":[{"count":34,"href":"https:\/\/novapub.ch\/fr\/wp-json\/wp\/v2\/pages\/385\/revisions"}],"predecessor-version":[{"id":1223,"href":"https:\/\/novapub.ch\/fr\/wp-json\/wp\/v2\/pages\/385\/revisions\/1223"}],"wp:attachment":[{"href":"https:\/\/novapub.ch\/fr\/wp-json\/wp\/v2\/media?parent=385"}],"curies":[{"name":"wp","href":"https:\/\/api.w.org\/{rel}","templated":true}]}}