{"id":484,"date":"2020-06-29T21:49:24","date_gmt":"2020-06-29T19:49:24","guid":{"rendered":"http:\/\/novapub.ch\/?page_id=484"},"modified":"2025-08-29T11:19:20","modified_gmt":"2025-08-29T09:19:20","slug":"gestaltungsvorschlage","status":"publish","type":"page","link":"https:\/\/novapub.ch\/fr\/gestaltungsvorschlage\/","title":{"rendered":"Aper\u00e7us"},"content":{"rendered":"<p>[et_pb_section fb_built=&#8220;1&#8243; admin_label=&#8220;Hero Section&#8220; _builder_version=&#8220;4.27.0&#8243; use_background_color_gradient=&#8220;on&#8220; background_color_gradient_direction=&#8220;131deg&#8220; background_color_gradient_stops=&#8220;#002e8a 0%|#002e8a 99%&#8220; background_color_gradient_start=&#8220;#4778FF&#8220; background_color_gradient_end=&#8220;#adc3ff&#8220; custom_margin=&#8220;||25px||false|false&#8220; custom_padding=&#8220;80px|0px||0px&#8220; animation_style=&#8220;slide&#8220; animation_direction=&#8220;top&#8220; animation_intensity_slide=&#8220;2%&#8220; animation_starting_opacity=&#8220;100%&#8220; border_radii=&#8220;off||||&#8220; locked=&#8220;off&#8220; global_colors_info=&#8220;{}&#8220;][et_pb_row _builder_version=&#8220;4.16&#8243; background_size=&#8220;initial&#8220; background_position=&#8220;top_left&#8220; background_repeat=&#8220;repeat&#8220; custom_padding=&#8220;|||&#8220; custom_width_px=&#8220;1440px&#8220; locked=&#8220;off&#8220; global_colors_info=&#8220;{}&#8220;][et_pb_column type=&#8220;4_4&#8243; _builder_version=&#8220;4.16&#8243; custom_padding=&#8220;|||&#8220; global_colors_info=&#8220;{}&#8220; custom_padding__hover=&#8220;|||&#8220;][et_pb_text content_tablet=&#8220;<\/p>\n<h2 style=\"%22text-align:\" center;%22><span style=\"%22color:\" #ffffff;%22>Aper\u00e7us<\/span><\/h2>\n<p>&#8220; content_phone=&#8220;<\/p>\n<p>Aper\u00e7us<\/p>\n<p>&#8220; content_last_edited=&#8220;off|phone&#8220; _builder_version=&#8220;4.27.0&#8243; _module_preset=&#8220;default&#8220; header_font=&#8220;Poppins|600|||||||&#8220; header_text_color=&#8220;#FFFFFF&#8220; header_font_size=&#8220;60px&#8220; header_line_height=&#8220;1.5em&#8220; header_2_font=&#8220;Poppins|600|||||||&#8220; header_2_font_size=&#8220;60px&#8220; module_alignment=&#8220;center&#8220; header_text_align_last_edited=&#8220;off|phone&#8220; header_font_size_tablet=&#8220;60px&#8220; header_font_size_phone=&#8220;30px&#8220; header_font_size_last_edited=&#8220;off|desktop&#8220; header_2_font_size_tablet=&#8220;45px&#8220; header_2_font_size_phone=&#8220;23px&#8220; header_2_font_size_last_edited=&#8220;on|phone&#8220; global_colors_info=&#8220;{}&#8220;]<\/p>\n<h1 style=\"text-align: center;\">Aper\u00e7us<\/h1>\n<p>[\/et_pb_text][et_pb_divider color=&#8220;#f7d584&#8243; divider_style=&#8220;outset&#8220; divider_weight=&#8220;3px&#8220; disabled_on=&#8220;on|on|off&#8220; _builder_version=&#8220;4.16&#8243; width=&#8220;100%&#8220; max_width=&#8220;80px&#8220; module_alignment=&#8220;center&#8220; height=&#8220;10px&#8220; custom_margin=&#8220;||20px|&#8220; animation_style=&#8220;slide&#8220; animation_direction=&#8220;bottom&#8220; saved_tabs=&#8220;all&#8220; locked=&#8220;off&#8220; global_colors_info=&#8220;{}&#8220;][\/et_pb_divider][et_pb_text _builder_version=&#8220;4.16&#8243; text_font=&#8220;Poppins||||||||&#8220; text_text_color=&#8220;rgba(255,255,255,0.8)&#8220; text_font_size=&#8220;18px&#8220; text_line_height=&#8220;1.8em&#8220; header_font=&#8220;||||||||&#8220; text_orientation=&#8220;center&#8220; max_width=&#8220;600px&#8220; module_alignment=&#8220;center&#8220; locked=&#8220;off&#8220; global_colors_info=&#8220;{}&#8220;]<\/p>\n<p>Design original et placement optimal font de l'horloge Novapub le support id\u00e9al pour votre publicit\u00e9.<\/p>\n<p>[\/et_pb_text][\/et_pb_column][\/et_pb_row][\/et_pb_section][et_pb_section fb_built=&#8220;1&#8243; _builder_version=&#8220;4.16&#8243; custom_padding=&#8220;0px||0px|||&#8220; locked=&#8220;off&#8220; global_colors_info=&#8220;{}&#8220;][et_pb_row column_structure=&#8220;1_3,1_3,1_3&#8243; use_custom_gutter=&#8220;on&#8220; _builder_version=&#8220;4.16&#8243; max_width=&#8220;1280px&#8220; custom_margin=&#8220;|auto||auto|false|false&#8220; custom_padding=&#8220;|||&#8220; use_custom_width=&#8220;on&#8220; custom_width_px=&#8220;1280px&#8220; global_colors_info=&#8220;{}&#8220;][et_pb_column type=&#8220;1_3&#8243; _builder_version=&#8220;4.16&#8243; custom_padding=&#8220;|||&#8220; global_colors_info=&#8220;{}&#8220; custom_padding__hover=&#8220;|||&#8220;][et_pb_image src=&#8220;https:\/\/novapub.ch\/wp-content\/uploads\/2024\/08\/Appenzel-Heilbad-site.webp&#8220; title_text=&#8220;Appenzel Heilbad site&#8220; show_in_lightbox=&#8220;on&#8220; use_overlay=&#8220;on&#8220; overlay_icon_color=&#8220;rgba(0,0,0,0.22)&#8220; hover_overlay_color=&#8220;rgba(255,255,255,0.29)&#8220; align_tablet=&#8220;center&#8220; align_phone=&#8220;&#8220; align_last_edited=&#8220;on|desktop&#8220; _builder_version=&#8220;4.27.0&#8243; max_width=&#8220;95%&#8220; custom_margin=&#8220;||15%|&#8220; animation_style=&#8220;slide&#8220; animation_direction=&#8220;bottom&#8220; animation_intensity_slide=&#8220;4%&#8220; border_radii=&#8220;on|15px|15px|15px|15px&#8220; global_colors_info=&#8220;{}&#8220;][\/et_pb_image][et_pb_image src=&#8220;https:\/\/novapub.ch\/wp-content\/uploads\/2025\/08\/roquimmo-1.jpg&#8220; title_text=&#8220;roquimmo&#8220; show_in_lightbox=&#8220;on&#8220; use_overlay=&#8220;on&#8220; overlay_icon_color=&#8220;rgba(0,0,0,0.22)&#8220; hover_overlay_color=&#8220;rgba(255,255,255,0.29)&#8220; align_tablet=&#8220;center&#8220; align_phone=&#8220;&#8220; align_last_edited=&#8220;on|desktop&#8220; _builder_version=&#8220;4.27.0&#8243; max_width=&#8220;95%&#8220; custom_margin=&#8220;||15%|&#8220; animation_style=&#8220;slide&#8220; animation_direction=&#8220;bottom&#8220; animation_intensity_slide=&#8220;4%&#8220; global_colors_info=&#8220;{}&#8220;][\/et_pb_image][et_pb_image src=&#8220;https:\/\/novapub.ch\/wp-content\/uploads\/2024\/08\/Senn.webp&#8220; title_text=&#8220;Senn&#8220; show_in_lightbox=&#8220;on&#8220; use_overlay=&#8220;on&#8220; overlay_icon_color=&#8220;rgba(0,0,0,0.22)&#8220; hover_overlay_color=&#8220;rgba(255,255,255,0.29)&#8220; align_tablet=&#8220;center&#8220; align_phone=&#8220;&#8220; align_last_edited=&#8220;on|desktop&#8220; _builder_version=&#8220;4.27.0&#8243; max_width=&#8220;95%&#8220; custom_margin=&#8220;||15%|&#8220; animation_style=&#8220;slide&#8220; animation_direction=&#8220;bottom&#8220; animation_intensity_slide=&#8220;4%&#8220; global_colors_info=&#8220;{}&#8220;][\/et_pb_image][et_pb_image src=&#8220;https:\/\/novapub.ch\/wp-content\/uploads\/2024\/08\/gerber-storen-site.webp&#8220; title_text=&#8220;gerber storen site&#8220; show_in_lightbox=&#8220;on&#8220; use_overlay=&#8220;on&#8220; overlay_icon_color=&#8220;rgba(0,0,0,0.22)&#8220; hover_overlay_color=&#8220;rgba(255,255,255,0.29)&#8220; align_tablet=&#8220;center&#8220; align_phone=&#8220;&#8220; align_last_edited=&#8220;on|desktop&#8220; _builder_version=&#8220;4.27.0&#8243; max_width=&#8220;95%&#8220; custom_margin=&#8220;||15%|&#8220; animation_style=&#8220;slide&#8220; animation_direction=&#8220;bottom&#8220; animation_intensity_slide=&#8220;4%&#8220; border_radii=&#8220;on|15px|15px|15px|15px&#8220; global_colors_info=&#8220;{}&#8220;][\/et_pb_image][et_pb_image src=&#8220;https:\/\/novapub.ch\/wp-content\/uploads\/2024\/08\/Dirren-2-ok-scaled.jpg&#8220; title_text=&#8220;Dirren 2 ok&#8220; show_in_lightbox=&#8220;on&#8220; use_overlay=&#8220;on&#8220; overlay_icon_color=&#8220;rgba(0,0,0,0.22)&#8220; hover_overlay_color=&#8220;rgba(255,255,255,0.29)&#8220; align_tablet=&#8220;center&#8220; align_phone=&#8220;&#8220; align_last_edited=&#8220;on|desktop&#8220; module_class=&#8220;imgnohover&#8220; _builder_version=&#8220;4.27.0&#8243; max_width=&#8220;95%&#8220; custom_margin=&#8220;||15%|&#8220; animation_style=&#8220;slide&#8220; animation_direction=&#8220;bottom&#8220; animation_intensity_slide=&#8220;4%&#8220; border_radii=&#8220;on|15px|15px|15px|15px&#8220; global_colors_info=&#8220;{}&#8220;][\/et_pb_image][\/et_pb_column][et_pb_column type=&#8220;1_3&#8243; _builder_version=&#8220;4.16&#8243; custom_padding=&#8220;|||&#8220; global_colors_info=&#8220;{}&#8220; custom_padding__hover=&#8220;|||&#8220;][et_pb_image src=&#8220;https:\/\/novapub.ch\/wp-content\/uploads\/2025\/08\/Tanner.jpg&#8220; title_text=&#8220;Tanner&#8220; show_in_lightbox=&#8220;on&#8220; use_overlay=&#8220;on&#8220; overlay_icon_color=&#8220;rgba(0,0,0,0.22)&#8220; hover_overlay_color=&#8220;rgba(255,255,255,0.29)&#8220; align_tablet=&#8220;center&#8220; align_phone=&#8220;&#8220; align_last_edited=&#8220;on|desktop&#8220; _builder_version=&#8220;4.27.0&#8243; max_width=&#8220;95%&#8220; custom_margin=&#8220;||15%|&#8220; animation_style=&#8220;slide&#8220; animation_direction=&#8220;bottom&#8220; animation_intensity_slide=&#8220;4%&#8220; border_radii=&#8220;on|15px|15px|15px|15px&#8220; global_colors_info=&#8220;{}&#8220;][\/et_pb_image][et_pb_image src=&#8220;https:\/\/novapub.ch\/wp-content\/uploads\/2024\/08\/primeo-energie.webp&#8220; title_text=&#8220;primeo energie&#8220; show_in_lightbox=&#8220;on&#8220; use_overlay=&#8220;on&#8220; overlay_icon_color=&#8220;rgba(0,0,0,0.22)&#8220; hover_overlay_color=&#8220;rgba(255,255,255,0.29)&#8220; align_tablet=&#8220;center&#8220; align_phone=&#8220;&#8220; align_last_edited=&#8220;on|desktop&#8220; _builder_version=&#8220;4.27.0&#8243; max_width=&#8220;95%&#8220; custom_margin=&#8220;||15%|&#8220; animation_style=&#8220;slide&#8220; animation_direction=&#8220;bottom&#8220; animation_intensity_slide=&#8220;4%&#8220; global_colors_info=&#8220;{}&#8220;][\/et_pb_image][et_pb_image src=&#8220;https:\/\/novapub.ch\/wp-content\/uploads\/2025\/08\/Spital-Aarberg-site.jpg&#8220; title_text=&#8220;Spital Aarberg site&#8220; show_in_lightbox=&#8220;on&#8220; use_overlay=&#8220;on&#8220; overlay_icon_color=&#8220;rgba(0,0,0,0.22)&#8220; hover_overlay_color=&#8220;rgba(255,255,255,0.29)&#8220; align_tablet=&#8220;center&#8220; align_phone=&#8220;&#8220; align_last_edited=&#8220;on|desktop&#8220; _builder_version=&#8220;4.27.0&#8243; max_width=&#8220;95%&#8220; custom_margin=&#8220;||15%|&#8220; animation_style=&#8220;slide&#8220; animation_direction=&#8220;bottom&#8220; animation_intensity_slide=&#8220;4%&#8220; global_colors_info=&#8220;{}&#8220;][\/et_pb_image][et_pb_image src=&#8220;https:\/\/novapub.ch\/wp-content\/uploads\/2024\/08\/BMW-Hollenstein-2024-scaled.jpg&#8220; title_text=&#8220;BMW Hollenstein 2024&#8243; show_in_lightbox=&#8220;on&#8220; use_overlay=&#8220;on&#8220; overlay_icon_color=&#8220;rgba(0,0,0,0.22)&#8220; hover_overlay_color=&#8220;rgba(255,255,255,0.29)&#8220; align_tablet=&#8220;center&#8220; align_phone=&#8220;&#8220; align_last_edited=&#8220;on|desktop&#8220; _builder_version=&#8220;4.27.0&#8243; max_width=&#8220;95%&#8220; custom_margin=&#8220;||15%|&#8220; animation_style=&#8220;slide&#8220; animation_direction=&#8220;bottom&#8220; animation_intensity_slide=&#8220;4%&#8220; border_radii=&#8220;on|15px|15px|15px|15px&#8220; global_colors_info=&#8220;{}&#8220;][\/et_pb_image][et_pb_image src=&#8220;https:\/\/novapub.ch\/wp-content\/uploads\/2024\/08\/Remax-Epalinges-10-1-scaled.jpg&#8220; title_text=&#8220;Remax Epalinges 10&#8243; show_in_lightbox=&#8220;on&#8220; use_overlay=&#8220;on&#8220; overlay_icon_color=&#8220;rgba(0,0,0,0.22)&#8220; hover_overlay_color=&#8220;rgba(255,255,255,0.29)&#8220; align_tablet=&#8220;center&#8220; align_phone=&#8220;&#8220; align_last_edited=&#8220;on|desktop&#8220; module_class=&#8220;imgnohover&#8220; _builder_version=&#8220;4.27.0&#8243; max_width=&#8220;95%&#8220; custom_margin=&#8220;||15%|&#8220; animation_style=&#8220;slide&#8220; animation_direction=&#8220;bottom&#8220; animation_intensity_slide=&#8220;4%&#8220; global_colors_info=&#8220;{}&#8220;][\/et_pb_image][\/et_pb_column][et_pb_column type=&#8220;1_3&#8243; _builder_version=&#8220;4.16&#8243; custom_padding=&#8220;|||&#8220; global_colors_info=&#8220;{}&#8220; custom_padding__hover=&#8220;|||&#8220;][et_pb_image src=&#8220;https:\/\/novapub.ch\/wp-content\/uploads\/2025\/08\/Cabinet-Kassar-site.jpg&#8220; title_text=&#8220;Cabinet Kassar site&#8220; show_in_lightbox=&#8220;on&#8220; use_overlay=&#8220;on&#8220; overlay_icon_color=&#8220;rgba(0,0,0,0.22)&#8220; hover_overlay_color=&#8220;rgba(255,255,255,0.29)&#8220; align_tablet=&#8220;center&#8220; align_phone=&#8220;&#8220; align_last_edited=&#8220;on|desktop&#8220; _builder_version=&#8220;4.27.0&#8243; max_width=&#8220;95%&#8220; custom_margin=&#8220;||15%|&#8220; animation_style=&#8220;slide&#8220; animation_direction=&#8220;bottom&#8220; animation_intensity_slide=&#8220;4%&#8220; global_colors_info=&#8220;{}&#8220;][\/et_pb_image][et_pb_image src=&#8220;https:\/\/novapub.ch\/wp-content\/uploads\/2024\/08\/SIT.webp&#8220; title_text=&#8220;SIT&#8220; show_in_lightbox=&#8220;on&#8220; use_overlay=&#8220;on&#8220; overlay_icon_color=&#8220;rgba(0,0,0,0.22)&#8220; hover_overlay_color=&#8220;rgba(255,255,255,0.29)&#8220; align_tablet=&#8220;center&#8220; align_phone=&#8220;&#8220; align_last_edited=&#8220;on|desktop&#8220; _builder_version=&#8220;4.27.4&#8243; max_width=&#8220;95%&#8220; custom_margin=&#8220;||15%|&#8220; animation_style=&#8220;slide&#8220; animation_direction=&#8220;bottom&#8220; animation_intensity_slide=&#8220;4%&#8220; hover_enabled=&#8220;0&#8243; global_colors_info=&#8220;{}&#8220; sticky_enabled=&#8220;0&#8243;][\/et_pb_image][et_pb_image src=&#8220;https:\/\/novapub.ch\/wp-content\/uploads\/2024\/08\/Bernet-Sport-2022-3.webp&#8220; title_text=&#8220;Bernet Sport 2022 3&#8243; show_in_lightbox=&#8220;on&#8220; use_overlay=&#8220;on&#8220; overlay_icon_color=&#8220;rgba(0,0,0,0.22)&#8220; hover_overlay_color=&#8220;rgba(255,255,255,0.29)&#8220; align_tablet=&#8220;center&#8220; align_phone=&#8220;&#8220; align_last_edited=&#8220;on|desktop&#8220; module_class=&#8220;imgnohover&#8220; _builder_version=&#8220;4.27.0&#8243; max_width=&#8220;95%&#8220; custom_margin=&#8220;||15%|&#8220; animation_style=&#8220;slide&#8220; animation_direction=&#8220;bottom&#8220; animation_intensity_slide=&#8220;4%&#8220; border_radii=&#8220;on|15px|15px|15px|15px&#8220; global_colors_info=&#8220;{}&#8220;][\/et_pb_image][et_pb_image src=&#8220;https:\/\/novapub.ch\/wp-content\/uploads\/2024\/08\/Ellenbroek-Elektro.webp&#8220; title_text=&#8220;Ellenbroek Elektro&#8220; show_in_lightbox=&#8220;on&#8220; use_overlay=&#8220;on&#8220; overlay_icon_color=&#8220;rgba(0,0,0,0.22)&#8220; hover_overlay_color=&#8220;rgba(255,255,255,0.29)&#8220; align_tablet=&#8220;center&#8220; align_phone=&#8220;&#8220; align_last_edited=&#8220;on|desktop&#8220; module_class=&#8220;imgnohover&#8220; _builder_version=&#8220;4.27.0&#8243; max_width=&#8220;95%&#8220; custom_margin=&#8220;||15%|&#8220; animation_style=&#8220;slide&#8220; animation_direction=&#8220;bottom&#8220; animation_intensity_slide=&#8220;4%&#8220; border_radii=&#8220;on|15px|15px|15px|15px&#8220; global_colors_info=&#8220;{}&#8220;][\/et_pb_image][et_pb_image src=&#8220;https:\/\/novapub.ch\/wp-content\/uploads\/2024\/08\/mb-ok-1-scaled.jpg&#8220; title_text=&#8220;mb ok&#8220; show_in_lightbox=&#8220;on&#8220; use_overlay=&#8220;on&#8220; overlay_icon_color=&#8220;rgba(0,0,0,0.22)&#8220; hover_overlay_color=&#8220;rgba(255,255,255,0.29)&#8220; align_tablet=&#8220;center&#8220; align_phone=&#8220;&#8220; align_last_edited=&#8220;on|desktop&#8220; module_class=&#8220;imgnohover&#8220; _builder_version=&#8220;4.27.0&#8243; max_width=&#8220;95%&#8220; custom_margin=&#8220;||15%|&#8220; animation_style=&#8220;slide&#8220; animation_direction=&#8220;bottom&#8220; animation_intensity_slide=&#8220;4%&#8220; border_radii=&#8220;on|15px|15px|15px|15px&#8220; global_colors_info=&#8220;{}&#8220;][\/et_pb_image][\/et_pb_column][\/et_pb_row][\/et_pb_section][et_pb_section fb_built=&#8220;1&#8243; _builder_version=&#8220;4.27.0&#8243; use_background_color_gradient=&#8220;on&#8220; background_color_gradient_direction=&#8220;131deg&#8220; background_color_gradient_stops=&#8220;#002e8a 0%|#002e8a 100%&#8220; background_color_gradient_start=&#8220;#ffffff&#8220; background_color_gradient_end=&#8220;#0000ff&#8220; custom_padding=&#8220;0px|||||&#8220; border_width_top=&#8220;4px&#8220; border_color_top=&#8220;#F2DE00&#8243; locked=&#8220;off&#8220; global_colors_info=&#8220;{}&#8220;][et_pb_row _builder_version=&#8220;4.16&#8243; custom_padding=&#8220;||3px|||&#8220; global_colors_info=&#8220;{}&#8220;][et_pb_column type=&#8220;4_4&#8243; _builder_version=&#8220;4.16&#8243; global_colors_info=&#8220;{}&#8220;][et_pb_text _builder_version=&#8220;4.27.0&#8243; text_font=&#8220;Poppins|600|||||||&#8220; header_font=&#8220;|600|||||||&#8220; header_text_align=&#8220;left&#8220; header_text_color=&#8220;#2b2b2b&#8220; header_line_height=&#8220;1.3em&#8220; header_2_font=&#8220;Poppins|600|||||||&#8220; header_2_text_align=&#8220;left&#8220; header_2_text_color=&#8220;#2b2b2b&#8220; header_2_font_size=&#8220;42px&#8220; header_2_line_height=&#8220;1.5em&#8220; text_orientation=&#8220;center&#8220; width=&#8220;100%&#8220; module_alignment=&#8220;center&#8220; custom_margin=&#8220;||10px|&#8220; inline_fonts=&#8220;Poppins,Roboto,Open Sans&#8220; global_colors_info=&#8220;{}&#8220;]<\/p>\n<h2 style=\"text-align: center;\"><span style=\"color: #ffffff; font-family: Poppins;\">Envie d'en savoir plus ?<\/span><\/h2>\n<p>[\/et_pb_text][\/et_pb_column][\/et_pb_row][et_pb_row column_structure=&#8220;1_3,1_3,1_3&#8243; _builder_version=&#8220;4.16&#8243; custom_padding=&#8220;0px|||||&#8220; global_colors_info=&#8220;{}&#8220;][et_pb_column type=&#8220;1_3&#8243; _builder_version=&#8220;4.27.0&#8243; _module_preset=&#8220;default&#8220; global_colors_info=&#8220;{}&#8220;][\/et_pb_column][et_pb_column type=&#8220;1_3&#8243; _builder_version=&#8220;4.27.0&#8243; _module_preset=&#8220;default&#8220; global_colors_info=&#8220;{}&#8220;][et_pb_button button_url=&#8220;https:\/\/novapub.ch\/kontakt\/&#8220; button_text=&#8220;Kontakt aufnehmen&#8220; button_alignment=&#8220;center&#8220; _builder_version=&#8220;4.16&#8243; custom_button=&#8220;on&#8220; button_text_size=&#8220;14px&#8220; button_text_color=&#8220;#3f72ff&#8220; button_bg_color=&#8220;#ffffff&#8220; button_bg_color_gradient_stops=&#8220;#4242ff 0%|#7579dd 100%&#8220; button_bg_color_gradient_start=&#8220;#4242ff&#8220; button_bg_color_gradient_end=&#8220;#7579dd&#8220; button_border_width=&#8220;0px&#8220; button_border_radius=&#8220;0px&#8220; button_letter_spacing=&#8220;2px&#8220; button_font=&#8220;Poppins|600||on|||||&#8220; button_use_icon=&#8220;off&#8220; custom_margin=&#8220;20px|||&#8220; custom_padding=&#8220;12px|28px|12px|28px&#8220; box_shadow_style=&#8220;preset1&#8243; box_shadow_vertical=&#8220;10px&#8220; box_shadow_blur=&#8220;30px&#8220; box_shadow_color=&#8220;rgba(0,0,0,0.2)&#8220; button_letter_spacing_hover=&#8220;2px&#8220; global_colors_info=&#8220;{}&#8220; button_text_size__hover_enabled=&#8220;off&#8220; button_one_text_size__hover_enabled=&#8220;off&#8220; button_two_text_size__hover_enabled=&#8220;off&#8220; button_text_color__hover_enabled=&#8220;off&#8220; button_one_text_color__hover_enabled=&#8220;off&#8220; button_two_text_color__hover_enabled=&#8220;off&#8220; button_border_width__hover_enabled=&#8220;off&#8220; button_one_border_width__hover_enabled=&#8220;off&#8220; button_two_border_width__hover_enabled=&#8220;off&#8220; button_border_color__hover_enabled=&#8220;off&#8220; button_one_border_color__hover_enabled=&#8220;off&#8220; button_two_border_color__hover_enabled=&#8220;off&#8220; button_border_radius__hover_enabled=&#8220;off&#8220; button_one_border_radius__hover_enabled=&#8220;off&#8220; button_two_border_radius__hover_enabled=&#8220;off&#8220; button_letter_spacing__hover_enabled=&#8220;on&#8220; button_letter_spacing__hover=&#8220;2px&#8220; button_one_letter_spacing__hover_enabled=&#8220;off&#8220; button_two_letter_spacing__hover_enabled=&#8220;off&#8220; button_bg_color__hover_enabled=&#8220;off&#8220; button_one_bg_color__hover_enabled=&#8220;off&#8220; button_two_bg_color__hover_enabled=&#8220;off&#8220;][\/et_pb_button][\/et_pb_column][et_pb_column type=&#8220;1_3&#8243; _builder_version=&#8220;4.16&#8243; global_colors_info=&#8220;{}&#8220;][\/et_pb_column][\/et_pb_row][\/et_pb_section]<\/p>","protected":false},"excerpt":{"rendered":"<p>Gestaltungsvorschl\u00e4geDiese Schweizer Qualit\u00e4tsuhr kann frei nach Ihren W\u00fcnschen gestaltet werden. Durch den optimalen hochfrequentierten Standort wird die Uhr zu einem richtigen Blickfang.Wurde Ihr Interesse geweckt?<\/p>","protected":false},"author":1,"featured_media":0,"parent":0,"menu_order":0,"comment_status":"closed","ping_status":"closed","template":"","meta":{"_et_pb_use_builder":"on","_et_pb_old_content":"","_et_gb_content_width":"","footnotes":""},"class_list":["post-484","page","type-page","status-publish","hentry"],"yoast_head":"<!-- This site is optimized with the Yoast SEO plugin v25.8 - https:\/\/yoast.com\/wordpress\/plugins\/seo\/ -->\n<title>Gestaltungsvorschl\u00e4ge - Novapub SA<\/title>\n<meta name=\"robots\" content=\"index, follow, max-snippet:-1, max-image-preview:large, max-video-preview:-1\" \/>\n<link rel=\"canonical\" href=\"https:\/\/novapub.ch\/fr\/gestaltungsvorschlage\/\" \/>\n<meta property=\"og:locale\" content=\"fr_FR\" \/>\n<meta property=\"og:type\" content=\"article\" \/>\n<meta property=\"og:title\" content=\"Gestaltungsvorschl\u00e4ge - Novapub SA\" \/>\n<meta property=\"og:description\" content=\"Gestaltungsvorschl\u00e4geDiese Schweizer Qualit\u00e4tsuhr kann frei nach Ihren W\u00fcnschen gestaltet werden. Durch den optimalen hochfrequentierten Standort wird die Uhr zu einem richtigen Blickfang.Wurde Ihr Interesse geweckt?\" \/>\n<meta property=\"og:url\" content=\"https:\/\/novapub.ch\/fr\/gestaltungsvorschlage\/\" \/>\n<meta property=\"og:site_name\" content=\"Novapub SA\" \/>\n<meta property=\"article:modified_time\" content=\"2025-08-29T09:19:20+00:00\" \/>\n<meta name=\"twitter:card\" content=\"summary_large_image\" \/>\n<script type=\"application\/ld+json\" class=\"yoast-schema-graph\">{\"@context\":\"https:\/\/schema.org\",\"@graph\":[{\"@type\":\"WebPage\",\"@id\":\"https:\/\/novapub.ch\/gestaltungsvorschlage\/\",\"url\":\"https:\/\/novapub.ch\/gestaltungsvorschlage\/\",\"name\":\"Gestaltungsvorschl\u00e4ge - Novapub SA\",\"isPartOf\":{\"@id\":\"https:\/\/novapub.ch\/#website\"},\"datePublished\":\"2020-06-29T19:49:24+00:00\",\"dateModified\":\"2025-08-29T09:19:20+00:00\",\"breadcrumb\":{\"@id\":\"https:\/\/novapub.ch\/gestaltungsvorschlage\/#breadcrumb\"},\"inLanguage\":\"fr-FR\",\"potentialAction\":[{\"@type\":\"ReadAction\",\"target\":[\"https:\/\/novapub.ch\/gestaltungsvorschlage\/\"]}]},{\"@type\":\"BreadcrumbList\",\"@id\":\"https:\/\/novapub.ch\/gestaltungsvorschlage\/#breadcrumb\",\"itemListElement\":[{\"@type\":\"ListItem\",\"position\":1,\"name\":\"Startseite\",\"item\":\"https:\/\/novapub.ch\/\"},{\"@type\":\"ListItem\",\"position\":2,\"name\":\"Gestaltungsvorschl\u00e4ge\"}]},{\"@type\":\"WebSite\",\"@id\":\"https:\/\/novapub.ch\/#website\",\"url\":\"https:\/\/novapub.ch\/\",\"name\":\"Novapub SA\",\"description\":\"Die Novapub SA betreibt an \u00fcber 200 Standorten in der Schweiz Werbeuhren. Die Uhren sind jeweils in Parkh\u00e4usern, Bergbahnen, Einkaufszentren und anderen hochfrequentierten Standorten, an bester Lage, positioniert.\",\"potentialAction\":[{\"@type\":\"SearchAction\",\"target\":{\"@type\":\"EntryPoint\",\"urlTemplate\":\"https:\/\/novapub.ch\/?s={search_term_string}\"},\"query-input\":{\"@type\":\"PropertyValueSpecification\",\"valueRequired\":true,\"valueName\":\"search_term_string\"}}],\"inLanguage\":\"fr-FR\"}]}<\/script>\n<!-- \/ Yoast SEO plugin. -->","yoast_head_json":{"title":"Gestaltungsvorschl\u00e4ge - Novapub SA","robots":{"index":"index","follow":"follow","max-snippet":"max-snippet:-1","max-image-preview":"max-image-preview:large","max-video-preview":"max-video-preview:-1"},"canonical":"https:\/\/novapub.ch\/fr\/gestaltungsvorschlage\/","og_locale":"fr_FR","og_type":"article","og_title":"Gestaltungsvorschl\u00e4ge - Novapub SA","og_description":"Gestaltungsvorschl\u00e4geDiese Schweizer Qualit\u00e4tsuhr kann frei nach Ihren W\u00fcnschen gestaltet werden. Durch den optimalen hochfrequentierten Standort wird die Uhr zu einem richtigen Blickfang.Wurde Ihr Interesse geweckt?","og_url":"https:\/\/novapub.ch\/fr\/gestaltungsvorschlage\/","og_site_name":"Novapub SA","article_modified_time":"2025-08-29T09:19:20+00:00","twitter_card":"summary_large_image","schema":{"@context":"https:\/\/schema.org","@graph":[{"@type":"WebPage","@id":"https:\/\/novapub.ch\/gestaltungsvorschlage\/","url":"https:\/\/novapub.ch\/gestaltungsvorschlage\/","name":"Gestaltungsvorschl\u00e4ge - Novapub SA","isPartOf":{"@id":"https:\/\/novapub.ch\/#website"},"datePublished":"2020-06-29T19:49:24+00:00","dateModified":"2025-08-29T09:19:20+00:00","breadcrumb":{"@id":"https:\/\/novapub.ch\/gestaltungsvorschlage\/#breadcrumb"},"inLanguage":"fr-FR","potentialAction":[{"@type":"ReadAction","target":["https:\/\/novapub.ch\/gestaltungsvorschlage\/"]}]},{"@type":"BreadcrumbList","@id":"https:\/\/novapub.ch\/gestaltungsvorschlage\/#breadcrumb","itemListElement":[{"@type":"ListItem","position":1,"name":"Startseite","item":"https:\/\/novapub.ch\/"},{"@type":"ListItem","position":2,"name":"Gestaltungsvorschl\u00e4ge"}]},{"@type":"WebSite","@id":"https:\/\/novapub.ch\/#website","url":"https:\/\/novapub.ch\/","name":"Novapub SA","description":"Novapub SA exploite des horloges publicitaires dans toute la Suisse. \nSitu\u00e9es dans des lieux strat\u00e9giques comme les parkings, t\u00e9l\u00e9ph\u00e9riques et centres commerciaux, elles garantissent une visibilit\u00e9 maximale.","potentialAction":[{"@type":"SearchAction","target":{"@type":"EntryPoint","urlTemplate":"https:\/\/novapub.ch\/?s={search_term_string}"},"query-input":{"@type":"PropertyValueSpecification","valueRequired":true,"valueName":"search_term_string"}}],"inLanguage":"fr-FR"}]}},"_links":{"self":[{"href":"https:\/\/novapub.ch\/fr\/wp-json\/wp\/v2\/pages\/484","targetHints":{"allow":["GET"]}}],"collection":[{"href":"https:\/\/novapub.ch\/fr\/wp-json\/wp\/v2\/pages"}],"about":[{"href":"https:\/\/novapub.ch\/fr\/wp-json\/wp\/v2\/types\/page"}],"author":[{"embeddable":true,"href":"https:\/\/novapub.ch\/fr\/wp-json\/wp\/v2\/users\/1"}],"replies":[{"embeddable":true,"href":"https:\/\/novapub.ch\/fr\/wp-json\/wp\/v2\/comments?post=484"}],"version-history":[{"count":90,"href":"https:\/\/novapub.ch\/fr\/wp-json\/wp\/v2\/pages\/484\/revisions"}],"predecessor-version":[{"id":1355,"href":"https:\/\/novapub.ch\/fr\/wp-json\/wp\/v2\/pages\/484\/revisions\/1355"}],"wp:attachment":[{"href":"https:\/\/novapub.ch\/fr\/wp-json\/wp\/v2\/media?parent=484"}],"curies":[{"name":"wp","href":"https:\/\/api.w.org\/{rel}","templated":true}]}}