{"id":757,"date":"2020-07-26T22:42:08","date_gmt":"2020-07-26T20:42:08","guid":{"rendered":"http:\/\/novapub.ch\/?page_id=757"},"modified":"2024-08-24T11:06:22","modified_gmt":"2024-08-24T09:06:22","slug":"impressum","status":"publish","type":"page","link":"https:\/\/novapub.ch\/fr\/impressum\/","title":{"rendered":"Mentions l\u00e9gales"},"content":{"rendered":"<p>[et_pb_section fb_built=&#8220;1&#8243; admin_label=&#8220;Hero Section&#8220; _builder_version=&#8220;4.27.0&#8243; use_background_color_gradient=&#8220;on&#8220; background_color_gradient_direction=&#8220;131deg&#8220; background_color_gradient_stops=&#8220;#002e8a 0%|#adc3ff 100%&#8220; background_color_gradient_start=&#8220;#4778ff&#8220; background_color_gradient_end=&#8220;#adc3ff&#8220; custom_padding=&#8220;80px|0px|80px|0px&#8220; animation_style=&#8220;slide&#8220; animation_direction=&#8220;top&#8220; animation_intensity_slide=&#8220;2%&#8220; animation_starting_opacity=&#8220;100%&#8220; hover_enabled=&#8220;0&#8243; locked=&#8220;off&#8220; global_colors_info=&#8220;{}&#8220; sticky_enabled=&#8220;0&#8243;][et_pb_row _builder_version=&#8220;4.16&#8243; background_size=&#8220;initial&#8220; background_position=&#8220;top_left&#8220; background_repeat=&#8220;repeat&#8220; custom_padding=&#8220;||0px|||&#8220; custom_width_px=&#8220;1440px&#8220; global_colors_info=&#8220;{}&#8220;][et_pb_column type=&#8220;4_4&#8243; _builder_version=&#8220;4.16&#8243; custom_padding=&#8220;|||&#8220; global_colors_info=&#8220;{}&#8220; custom_padding__hover=&#8220;|||&#8220;][et_pb_text _builder_version=&#8220;4.16&#8243; text_font=&#8220;||||||||&#8220; header_font=&#8220;Poppins|600|||||||&#8220; header_text_color=&#8220;#ffffff&#8220; header_font_size=&#8220;60px&#8220; header_line_height=&#8220;1.5em&#8220; header_2_font=&#8220;||||||||&#8220; header_3_font=&#8220;||||||||&#8220; header_4_font=&#8220;||||||||&#8220; header_5_font=&#8220;||||||||&#8220; header_6_font=&#8220;||||||||&#8220; background_size=&#8220;initial&#8220; background_position=&#8220;top_left&#8220; background_repeat=&#8220;repeat&#8220; text_orientation=&#8220;center&#8220; module_alignment=&#8220;center&#8220; custom_margin=&#8220;||20px|&#8220; header_font_size_tablet=&#8220;&#8220; header_font_size_phone=&#8220;40px&#8220; header_font_size_last_edited=&#8220;on|phone&#8220; locked=&#8220;off&#8220; global_colors_info=&#8220;{}&#8220;]<\/p>\n<h1>Mentions l\u00e9gales<\/h1>\n<p>[\/et_pb_text][\/et_pb_column][\/et_pb_row][\/et_pb_section][et_pb_section fb_built=&#8220;1&#8243; _builder_version=&#8220;4.16&#8243; custom_padding=&#8220;0px||0px|||&#8220; global_colors_info=&#8220;{}&#8220;][et_pb_row _builder_version=&#8220;4.16&#8243; global_colors_info=&#8220;{}&#8220;][et_pb_column type=&#8220;4_4&#8243; _builder_version=&#8220;4.16&#8243; global_colors_info=&#8220;{}&#8220;][et_pb_text _builder_version=&#8220;4.16&#8243; global_colors_info=&#8220;{}&#8220;]<strong>Adresse de contact<\/strong><\/p>\n<p>Novapub<br \/>\nMadeleine 28<br \/>\n1800 Vevey<br \/>\nSuisse<\/p>\n<p>E-Mail:<br \/>\nInfo@novapub.ch<\/p>\n<p>&nbsp;<\/p>\n<p><strong>Repr\u00e9sentant(s) autoris\u00e9(s)<\/strong><\/p>\n<p>Terry Pilloud, fondateur de la firme<br \/>\nAndr\u00e9 Rubin, directeur des ventes<\/p>\n<p><strong>Inscription au registre du commerce<\/strong><\/p>\n<p>D\u00e9nomination sociale : Novapub\nNum\u00e9ro de registre du commerce : CHE-101.567.907<\/p>\n<p>&nbsp;<\/p>\n<p><strong>Num\u00e9ro de taxe sur la valeur ajout\u00e9e<\/strong><br \/>\nCHE-101.567.907 MWST<\/p>\n<p><strong>Clause de non-responsabilit\u00e9<\/strong><\/p>\n<p>L'auteur n'assume aucune responsabilit\u00e9 quant \u00e0 l'exactitude, la pr\u00e9cision, l'actualit\u00e9, la fiabilit\u00e9 et l'exhaustivit\u00e9 des informations fournies.<\/p>\n<p>Les recours en responsabilit\u00e9 contre l'auteur pour des dommages mat\u00e9riels ou immat\u00e9riels r\u00e9sultant de l'acc\u00e8s aux informations publi\u00e9es, de leur utilisation ou de leur non-utilisation, d'une mauvaise utilisation de la connexion ou de d\u00e9fauts techniques sont exclus.<\/p>\n<p>Toutes les offres sont sans engagement. Des parties de pages ou la publication compl\u00e8te, y compris toutes les offres et informations, peuvent \u00eatre \u00e9tendues, modifi\u00e9es ou partiellement ou totalement supprim\u00e9es par l'auteur sans annonce s\u00e9par\u00e9e.<\/p>\n<p>&nbsp;<\/p>\n<p><strong>Exclusion de responsabilit\u00e9 pour les liens<\/strong><\/p>\n<p>Les r\u00e9f\u00e9rences et les liens vers des sites web tiers ne rel\u00e8vent pas de notre responsabilit\u00e9. Nous d\u00e9clinons toute responsabilit\u00e9 concernant ces sites. L'acc\u00e8s et l'utilisation de ces sites web se font aux risques et p\u00e9rils de l'utilisateur.<\/p>\n<p>&nbsp;<\/p>\n<p><strong>Copyright<\/strong><\/p>\n<p>Les droits d'auteur et tous les autres droits sur le contenu, les images, les photos ou autres fichiers de ce site appartiennent exclusivement \u00e0 Novapub ou aux d\u00e9tenteurs de droits sp\u00e9cifiquement mentionn\u00e9s. Pour la reproduction de tout \u00e9l\u00e9ment, le consentement \u00e9crit du d\u00e9tenteur du droit d'auteur doit \u00eatre obtenu au pr\u00e9alable. <strong>der Firma Novapub<\/strong> oder den speziell genannten Rechteinhabern. F\u00fcr die Reproduktion jeglicher Elemente ist die schriftliche Zustimmung des Urheberrechtstr\u00e4gers im Voraus einzuholen.<\/p>\n<p>&nbsp;<\/p>\n<p><!--ACHTUNG: Wenn Sie die Quelle ohne Erlaubnis von SwissAnwalt entfernen, dann begehen Sie eine Urheberrechtsverletzung welche in jedem Fall geahndet wird.--><br \/>\nSource: <a href=\"https:\/\/www.swissanwalt.ch\" target=\"_blank\" rel=\"noopener noreferrer\">SwissAnwalt<\/a><!--Bitte beachten Sie die AGB von SwissAnwalt betreffend allf&auml;llig anfallenden Kosten bei Weglassen der Quelle!-->[\/et_pb_text][\/et_pb_column][\/et_pb_row][\/et_pb_section]<\/p>","protected":false},"excerpt":{"rendered":"<p>ImpressumKontakt-Adresse Novapub Madeleine 28 1800 Vevey Schweiz E-Mail: Info@novapub.ch &nbsp; Vertretungsberechtigte Person(en) Terry Pilloud, Firmengr\u00fcnder Andr\u00e9 Rubin, Verkaufsleiter Handelsregister-Eintrag Eingetragener Firmenname: NovapubHandelsregister Nr: CHE-101.567.907 &nbsp; Mehrwertsteuer-Nummer CHE-101.567.907 MWST Haftungsausschluss Der Autor \u00fcbernimmt keinerlei Gew\u00e4hr hinsichtlich der inhaltlichen Richtigkeit, Genauigkeit, Aktualit\u00e4t, Zuverl\u00e4ssigkeit und Vollst\u00e4ndigkeit der Informationen. Haftungsanspr\u00fcche gegen den Autor wegen Sch\u00e4den materieller oder immaterieller Art, [&hellip;]<\/p>","protected":false},"author":1,"featured_media":0,"parent":0,"menu_order":0,"comment_status":"closed","ping_status":"closed","template":"","meta":{"_et_pb_use_builder":"on","_et_pb_old_content":"","_et_gb_content_width":"","footnotes":""},"class_list":["post-757","page","type-page","status-publish","hentry"],"yoast_head":"<!-- This site is optimized with the Yoast SEO plugin v25.8 - https:\/\/yoast.com\/wordpress\/plugins\/seo\/ -->\n<title>Impressum - Novapub SA<\/title>\n<meta name=\"robots\" content=\"index, follow, max-snippet:-1, max-image-preview:large, max-video-preview:-1\" \/>\n<link rel=\"canonical\" href=\"https:\/\/novapub.ch\/fr\/impressum\/\" \/>\n<meta property=\"og:locale\" content=\"fr_FR\" \/>\n<meta property=\"og:type\" content=\"article\" \/>\n<meta property=\"og:title\" content=\"Impressum - Novapub SA\" \/>\n<meta property=\"og:description\" content=\"ImpressumKontakt-Adresse Novapub Madeleine 28 1800 Vevey Schweiz E-Mail: Info@novapub.ch &nbsp; Vertretungsberechtigte Person(en) Terry Pilloud, Firmengr\u00fcnder Andr\u00e9 Rubin, Verkaufsleiter Handelsregister-Eintrag Eingetragener Firmenname: NovapubHandelsregister Nr: CHE-101.567.907 &nbsp; Mehrwertsteuer-Nummer CHE-101.567.907 MWST Haftungsausschluss Der Autor \u00fcbernimmt keinerlei Gew\u00e4hr hinsichtlich der inhaltlichen Richtigkeit, Genauigkeit, Aktualit\u00e4t, Zuverl\u00e4ssigkeit und Vollst\u00e4ndigkeit der Informationen. Haftungsanspr\u00fcche gegen den Autor wegen Sch\u00e4den materieller oder immaterieller Art, [&hellip;]\" \/>\n<meta property=\"og:url\" content=\"https:\/\/novapub.ch\/fr\/impressum\/\" \/>\n<meta property=\"og:site_name\" content=\"Novapub SA\" \/>\n<meta property=\"article:modified_time\" content=\"2024-08-24T09:06:22+00:00\" \/>\n<meta name=\"twitter:card\" content=\"summary_large_image\" \/>\n<meta name=\"twitter:label1\" content=\"Dur\u00e9e de lecture estim\u00e9e\" \/>\n\t<meta name=\"twitter:data1\" content=\"2 minutes\" \/>\n<script type=\"application\/ld+json\" class=\"yoast-schema-graph\">{\"@context\":\"https:\/\/schema.org\",\"@graph\":[{\"@type\":\"WebPage\",\"@id\":\"https:\/\/novapub.ch\/impressum\/\",\"url\":\"https:\/\/novapub.ch\/impressum\/\",\"name\":\"Impressum - Novapub SA\",\"isPartOf\":{\"@id\":\"https:\/\/novapub.ch\/#website\"},\"datePublished\":\"2020-07-26T20:42:08+00:00\",\"dateModified\":\"2024-08-24T09:06:22+00:00\",\"breadcrumb\":{\"@id\":\"https:\/\/novapub.ch\/impressum\/#breadcrumb\"},\"inLanguage\":\"fr-FR\",\"potentialAction\":[{\"@type\":\"ReadAction\",\"target\":[\"https:\/\/novapub.ch\/impressum\/\"]}]},{\"@type\":\"BreadcrumbList\",\"@id\":\"https:\/\/novapub.ch\/impressum\/#breadcrumb\",\"itemListElement\":[{\"@type\":\"ListItem\",\"position\":1,\"name\":\"Startseite\",\"item\":\"https:\/\/novapub.ch\/\"},{\"@type\":\"ListItem\",\"position\":2,\"name\":\"Impressum\"}]},{\"@type\":\"WebSite\",\"@id\":\"https:\/\/novapub.ch\/#website\",\"url\":\"https:\/\/novapub.ch\/\",\"name\":\"Novapub SA\",\"description\":\"Die Novapub SA betreibt an \u00fcber 200 Standorten in der Schweiz Werbeuhren. Die Uhren sind jeweils in Parkh\u00e4usern, Bergbahnen, Einkaufszentren und anderen hochfrequentierten Standorten, an bester Lage, positioniert.\",\"potentialAction\":[{\"@type\":\"SearchAction\",\"target\":{\"@type\":\"EntryPoint\",\"urlTemplate\":\"https:\/\/novapub.ch\/?s={search_term_string}\"},\"query-input\":{\"@type\":\"PropertyValueSpecification\",\"valueRequired\":true,\"valueName\":\"search_term_string\"}}],\"inLanguage\":\"fr-FR\"}]}<\/script>\n<!-- \/ Yoast SEO plugin. -->","yoast_head_json":{"title":"Impressum - Novapub SA","robots":{"index":"index","follow":"follow","max-snippet":"max-snippet:-1","max-image-preview":"max-image-preview:large","max-video-preview":"max-video-preview:-1"},"canonical":"https:\/\/novapub.ch\/fr\/impressum\/","og_locale":"fr_FR","og_type":"article","og_title":"Impressum - Novapub SA","og_description":"ImpressumKontakt-Adresse Novapub Madeleine 28 1800 Vevey Schweiz E-Mail: Info@novapub.ch &nbsp; Vertretungsberechtigte Person(en) Terry Pilloud, Firmengr\u00fcnder Andr\u00e9 Rubin, Verkaufsleiter Handelsregister-Eintrag Eingetragener Firmenname: NovapubHandelsregister Nr: CHE-101.567.907 &nbsp; Mehrwertsteuer-Nummer CHE-101.567.907 MWST Haftungsausschluss Der Autor \u00fcbernimmt keinerlei Gew\u00e4hr hinsichtlich der inhaltlichen Richtigkeit, Genauigkeit, Aktualit\u00e4t, Zuverl\u00e4ssigkeit und Vollst\u00e4ndigkeit der Informationen. Haftungsanspr\u00fcche gegen den Autor wegen Sch\u00e4den materieller oder immaterieller Art, [&hellip;]","og_url":"https:\/\/novapub.ch\/fr\/impressum\/","og_site_name":"Novapub SA","article_modified_time":"2024-08-24T09:06:22+00:00","twitter_card":"summary_large_image","twitter_misc":{"Dur\u00e9e de lecture estim\u00e9e":"2 minutes"},"schema":{"@context":"https:\/\/schema.org","@graph":[{"@type":"WebPage","@id":"https:\/\/novapub.ch\/impressum\/","url":"https:\/\/novapub.ch\/impressum\/","name":"Impressum - Novapub SA","isPartOf":{"@id":"https:\/\/novapub.ch\/#website"},"datePublished":"2020-07-26T20:42:08+00:00","dateModified":"2024-08-24T09:06:22+00:00","breadcrumb":{"@id":"https:\/\/novapub.ch\/impressum\/#breadcrumb"},"inLanguage":"fr-FR","potentialAction":[{"@type":"ReadAction","target":["https:\/\/novapub.ch\/impressum\/"]}]},{"@type":"BreadcrumbList","@id":"https:\/\/novapub.ch\/impressum\/#breadcrumb","itemListElement":[{"@type":"ListItem","position":1,"name":"Startseite","item":"https:\/\/novapub.ch\/"},{"@type":"ListItem","position":2,"name":"Impressum"}]},{"@type":"WebSite","@id":"https:\/\/novapub.ch\/#website","url":"https:\/\/novapub.ch\/","name":"Novapub SA","description":"Novapub SA exploite des horloges publicitaires dans toute la Suisse. \nSitu\u00e9es dans des lieux strat\u00e9giques comme les parkings, t\u00e9l\u00e9ph\u00e9riques et centres commerciaux, elles garantissent une visibilit\u00e9 maximale.","potentialAction":[{"@type":"SearchAction","target":{"@type":"EntryPoint","urlTemplate":"https:\/\/novapub.ch\/?s={search_term_string}"},"query-input":{"@type":"PropertyValueSpecification","valueRequired":true,"valueName":"search_term_string"}}],"inLanguage":"fr-FR"}]}},"_links":{"self":[{"href":"https:\/\/novapub.ch\/fr\/wp-json\/wp\/v2\/pages\/757","targetHints":{"allow":["GET"]}}],"collection":[{"href":"https:\/\/novapub.ch\/fr\/wp-json\/wp\/v2\/pages"}],"about":[{"href":"https:\/\/novapub.ch\/fr\/wp-json\/wp\/v2\/types\/page"}],"author":[{"embeddable":true,"href":"https:\/\/novapub.ch\/fr\/wp-json\/wp\/v2\/users\/1"}],"replies":[{"embeddable":true,"href":"https:\/\/novapub.ch\/fr\/wp-json\/wp\/v2\/comments?post=757"}],"version-history":[{"count":11,"href":"https:\/\/novapub.ch\/fr\/wp-json\/wp\/v2\/pages\/757\/revisions"}],"predecessor-version":[{"id":1281,"href":"https:\/\/novapub.ch\/fr\/wp-json\/wp\/v2\/pages\/757\/revisions\/1281"}],"wp:attachment":[{"href":"https:\/\/novapub.ch\/fr\/wp-json\/wp\/v2\/media?parent=757"}],"curies":[{"name":"wp","href":"https:\/\/api.w.org\/{rel}","templated":true}]}}